{"id":86,"date":"2018-08-07T15:57:34","date_gmt":"2018-08-07T13:57:34","guid":{"rendered":"http:\/\/https:\/\/plansolaire.loos-en-gohelle.fr\/site\/\/?page_id=86"},"modified":"2020-01-21T07:33:45","modified_gmt":"2020-01-21T06:33:45","slug":"presentation-du-projet","status":"publish","type":"page","link":"https:\/\/plansolaire.loos-en-gohelle.fr\/site\/","title":{"rendered":"Pr\u00e9sentation du projet"},"content":{"rendered":"\n<h2 class=\"wp-block-heading\"><strong><em>Un plan solaire, premi\u00e8re \u00e9tape pour couvrir 100% des besoins en \u00e9lectricit\u00e9 de la Ville<\/em><\/strong><\/h2>\n\n\n\n<h3 class=\"wp-block-heading\">Les travaux sont lanc\u00e9s !<\/h3>\n\n\n\n<ul class=\"wp-block-gallery columns-2 is-cropped wp-block-gallery-1 is-layout-flex wp-block-gallery-is-layout-flex\"><li class=\"blocks-gallery-item\"><figure><img loading=\"lazy\" decoding=\"async\" width=\"1024\" height=\"575\" src=\"https:\/\/plansolaire.loos-en-gohelle.fr\/site\/wp-content\/uploads\/2019\/10\/0-1-1024x575.jpg\" alt=\"\" data-id=\"460\" class=\"wp-image-460\" srcset=\"https:\/\/plansolaire.loos-en-gohelle.fr\/site\/wp-content\/uploads\/2019\/10\/0-1-1024x575.jpg 1024w, https:\/\/plansolaire.loos-en-gohelle.fr\/site\/wp-content\/uploads\/2019\/10\/0-1-300x169.jpg 300w, https:\/\/plansolaire.loos-en-gohelle.fr\/site\/wp-content\/uploads\/2019\/10\/0-1-768x432.jpg 768w, https:\/\/plansolaire.loos-en-gohelle.fr\/site\/wp-content\/uploads\/2019\/10\/0-1-1200x674.jpg 1200w, https:\/\/plansolaire.loos-en-gohelle.fr\/site\/wp-content\/uploads\/2019\/10\/0-1.jpg 1536w\" sizes=\"auto, (max-width: 709px) 85vw, (max-width: 909px) 67vw, (max-width: 1362px) 62vw, 840px\" \/><figcaption>D\u00e9marrage des travaux au Centre Technique Municipal avec la pose des premiers panneaux photovolta\u00efques fin septembre 2019. <\/figcaption><\/figure><\/li><li class=\"blocks-gallery-item\"><figure><img loading=\"lazy\" decoding=\"async\" width=\"1024\" height=\"768\" src=\"https:\/\/plansolaire.loos-en-gohelle.fr\/site\/wp-content\/uploads\/2019\/10\/20191011_094938-1024x768.jpg\" alt=\"\" data-id=\"470\" data-link=\"https:\/\/plansolaire.loos-en-gohelle.fr\/site\/presentation-du-projet\/20191011_094938\/\" class=\"wp-image-470\" srcset=\"https:\/\/plansolaire.loos-en-gohelle.fr\/site\/wp-content\/uploads\/2019\/10\/20191011_094938-1024x768.jpg 1024w, https:\/\/plansolaire.loos-en-gohelle.fr\/site\/wp-content\/uploads\/2019\/10\/20191011_094938-300x225.jpg 300w, https:\/\/plansolaire.loos-en-gohelle.fr\/site\/wp-content\/uploads\/2019\/10\/20191011_094938-768x576.jpg 768w, https:\/\/plansolaire.loos-en-gohelle.fr\/site\/wp-content\/uploads\/2019\/10\/20191011_094938-1200x900.jpg 1200w\" sizes=\"auto, (max-width: 709px) 85vw, (max-width: 909px) 67vw, (max-width: 1362px) 62vw, 840px\" \/><\/figure><\/li><\/ul>\n\n\n\n<h3 class=\"wp-block-heading\">Les objectifs du plan solaire loossois :<\/h3>\n\n\n\n<ul class=\"wp-block-list\"><li>L&rsquo;installation de panneaux photovolta\u00efques&nbsp;pour produire de l&rsquo;\u00e9lectricit\u00e9 et la revendre, sur 8 b\u00e2timents communaux puis sur toitures priv\u00e9es.<br><\/li><li>Un projet participatif auquel les habitants sont invit\u00e9s \u00e0 participer autant dans sa construction que dans son financement.<\/li><li>L&rsquo;investissement collectif dans la cr\u00e9ation d&rsquo;une soci\u00e9t\u00e9 r\u00e9unissant des financements public-priv\u00e9s (commune, citoyens, actionnaires, associations, Cigales)<\/li><\/ul>\n\n\n\n<p>L\u2019\u00e9lectricit\u00e9 ainsi produite sera r\u00e9inject\u00e9e dans le r\u00e9seau. \u00c9tant donn\u00e9 que les \u00e9lectrons ne voyagent pas \u00e0 des milliers de kilom\u00e8tres spontan\u00e9ment, nous pouvons consid\u00e9rer que l\u2019\u00e9lectricit\u00e9 produite localement sera consomm\u00e9e localement m\u00eame si ce n\u2019est pas de l\u2019autoconsommation au sens o\u00f9 on repasse par le r\u00e9seau d\u00e9j\u00e0 existant.<\/p>\n\n\n\n<h3 class=\"wp-block-heading\">Les sites retenus :<\/h3>\n\n\n\n<figure class=\"wp-block-image\"><img loading=\"lazy\" decoding=\"async\" width=\"999\" height=\"954\" src=\"https:\/\/plansolaire.loos-en-gohelle.fr\/site\/wp-content\/uploads\/2019\/04\/sites.jpeg\" alt=\"\" class=\"wp-image-404\" srcset=\"https:\/\/plansolaire.loos-en-gohelle.fr\/site\/wp-content\/uploads\/2019\/04\/sites.jpeg 999w, https:\/\/plansolaire.loos-en-gohelle.fr\/site\/wp-content\/uploads\/2019\/04\/sites-300x286.jpeg 300w, https:\/\/plansolaire.loos-en-gohelle.fr\/site\/wp-content\/uploads\/2019\/04\/sites-768x733.jpeg 768w\" sizes=\"auto, (max-width: 709px) 85vw, (max-width: 909px) 67vw, (max-width: 1362px) 62vw, 840px\" \/><\/figure>\n\n\n\n<h4 class=\"wp-block-heading\">Les 8 premi\u00e8res installations pr\u00e9vues :<\/h4>\n\n\n\n<ul class=\"wp-block-list\"><li>\u00c9cole Basly \u2013Gar\u00e7ons<\/li><li>\u00c9cole Lamendin<\/li><li>Services Techniques<em> (travaux en cours)<\/em><\/li><li>Salle Varet<\/li><li>\u00c9cole Basly \u2013Filles<\/li><li>Cybercoin<\/li><li>\u00c9cole Leroy<\/li><li>Halle Salengro<\/li><\/ul>\n\n\n\n<pre class=\"wp-block-preformatted\"><strong>Les chiffres :<\/strong><\/pre>\n\n\n\n<ul class=\"wp-block-list\"><li>Puissance install\u00e9e : <strong>447 kWc<\/strong> <br><\/li><li>Production estim\u00e9e : <strong>440 MWh<\/strong> soit <strong>plus de 12 fois<\/strong> la production de l\u2019\u00e9glise.<br><\/li><li>Plus de 90<strong> %<\/strong> de la consommation de l\u2019ensemble des 40 et quelques b\u00e2timents communaux de Loos-en-Gohelle sera couverte, ou l&rsquo;\u00e9quivalent de 176 foyers. <\/li><li>Une action = <strong>50\u20ac<\/strong><\/li><\/ul>\n\n\n\n<h4 class=\"wp-block-heading\">Le Montage juridique :<\/h4>\n\n\n\n<p>La Ville a lanc\u00e9 un avis de concession pour associer un op\u00e9rateur priv\u00e9 qui d\u00e9terminera la structure juridique de la soci\u00e9t\u00e9 et exploitera la concession. <\/p>\n\n\n\n<h4 class=\"wp-block-heading\">Le financement :<\/h4>\n\n\n\n<ul class=\"wp-block-list\"><li>Pour 8 toitures : environ <strong>570 000<\/strong> euros.<\/li><li>Le financement de cette soci\u00e9t\u00e9 est effectu\u00e9 par l\u2019op\u00e9rateur priv\u00e9 en question, un pr\u00eat bancaire, le financement de la commune, de m\u00eame que l\u2019\u00e9pargne des citoyens ou des acteurs locaux qui souhaiteraient prendre des parts dans la soci\u00e9t\u00e9.<\/li><\/ul>\n\n\n\n<blockquote class=\"wp-block-quote is-layout-flow wp-block-quote-is-layout-flow\"><p>A terme, la rentabilit\u00e9 de la soci\u00e9t\u00e9 b\u00e9n\u00e9ficiera directement aux soci\u00e9taires, au premier rang desquels la Ville et les investisseurs Loossois et du territoire. <\/p><\/blockquote>\n\n\n\n<h3 class=\"wp-block-heading\">Le r\u00f4le des citoyens :<\/h3>\n\n\n\n<ul class=\"wp-block-list\"><li><strong>Investir au capital<\/strong> de la soci\u00e9t\u00e9 lors de sa cr\u00e9ation (juin 2019 &#8211; octobre 2019)<\/li><li><strong>\u00catre ambassadeur du projet<\/strong> : co-construire le projet, mobiliser les habitants et les acteurs locaux en participant aux comit\u00e9s de pilotage et en proposant des actions de communication.<\/li><\/ul>\n\n\n\n<h4 class=\"wp-block-heading\"><\/h4>\n\n\n\n<p><\/p>\n","protected":false},"excerpt":{"rendered":"<p>Un plan solaire, premi\u00e8re \u00e9tape pour couvrir 100% des besoins en \u00e9lectricit\u00e9 de la Ville Les travaux sont lanc\u00e9s ! Les objectifs du plan solaire loossois : L&rsquo;installation de panneaux photovolta\u00efques&nbsp;pour produire de l&rsquo;\u00e9lectricit\u00e9 et la revendre, sur 8 b\u00e2timents communaux puis sur toitures priv\u00e9es. Un projet participatif auquel les habitants sont invit\u00e9s \u00e0 participer &hellip; <a href=\"https:\/\/plansolaire.loos-en-gohelle.fr\/site\/\" class=\"more-link\">Continuer la lecture<span class=\"screen-reader-text\"> de &laquo;&nbsp;Pr\u00e9sentation du projet&nbsp;&raquo;<\/span><\/a><\/p>\n","protected":false},"author":1,"featured_media":0,"parent":0,"menu_order":0,"comment_status":"closed","ping_status":"closed","template":"","meta":{"footnotes":""},"class_list":["post-86","page","type-page","status-publish","hentry"],"_links":{"self":[{"href":"https:\/\/plansolaire.loos-en-gohelle.fr\/site\/wp-json\/wp\/v2\/pages\/86","targetHints":{"allow":["GET"]}}],"collection":[{"href":"https:\/\/plansolaire.loos-en-gohelle.fr\/site\/wp-json\/wp\/v2\/pages"}],"about":[{"href":"https:\/\/plansolaire.loos-en-gohelle.fr\/site\/wp-json\/wp\/v2\/types\/page"}],"author":[{"embeddable":true,"href":"https:\/\/plansolaire.loos-en-gohelle.fr\/site\/wp-json\/wp\/v2\/users\/1"}],"replies":[{"embeddable":true,"href":"https:\/\/plansolaire.loos-en-gohelle.fr\/site\/wp-json\/wp\/v2\/comments?post=86"}],"version-history":[{"count":22,"href":"https:\/\/plansolaire.loos-en-gohelle.fr\/site\/wp-json\/wp\/v2\/pages\/86\/revisions"}],"predecessor-version":[{"id":472,"href":"https:\/\/plansolaire.loos-en-gohelle.fr\/site\/wp-json\/wp\/v2\/pages\/86\/revisions\/472"}],"wp:attachment":[{"href":"https:\/\/plansolaire.loos-en-gohelle.fr\/site\/wp-json\/wp\/v2\/media?parent=86"}],"curies":[{"name":"wp","href":"https:\/\/api.w.org\/{rel}","templated":true}]}}