{"id":435,"date":"2019-05-03T14:42:06","date_gmt":"2019-05-03T12:42:06","guid":{"rendered":"https:\/\/plansolaire.loos-en-gohelle.fr\/site\/?page_id=435"},"modified":"2019-10-07T12:25:51","modified_gmt":"2019-10-07T10:25:51","slug":"en-communiquant","status":"publish","type":"page","link":"https:\/\/plansolaire.loos-en-gohelle.fr\/site\/en-communiquant\/","title":{"rendered":"En communiquant !"},"content":{"rendered":"\n<p>Des kits d&rsquo;informations sont \u00e0 votre disposition sur simple demande en Mairie de Loos en Gohelle (Service Energie). Ils sont compos\u00e9s :<\/p>\n\n\n\n<ul class=\"wp-block-list\"><li>d&rsquo;affiches (formats A3 et A4)<\/li><li>de bulletins d&rsquo;intentions de souscriptions<\/li><li>de brochures d\u00e9taill\u00e9es<\/li><\/ul>\n\n\n\n<p>Des kits d&rsquo;animation peuvent \u00e9galement \u00eatre r\u00e9serv\u00e9s en Mairie. Vous y trouverez, en plus du kit d&rsquo;informations :<\/p>\n\n\n\n<ul class=\"wp-block-list\"><li>un quizz \u00ab\u00a0solaire\u00a0\u00bb <\/li><li>un diaporama de pr\u00e9sentation<\/li><li>un kakemono<\/li><\/ul>\n\n\n\n<p>Vous pouvez \u00e9galement t\u00e9l\u00e9charger ci-dessous l&rsquo;affiche du Plan Solaire.<\/p>\n\n\n\n<figure class=\"wp-block-image\"><img loading=\"lazy\" decoding=\"async\" width=\"724\" height=\"1024\" src=\"https:\/\/plansolaire.loos-en-gohelle.fr\/site\/wp-content\/uploads\/2019\/10\/Affiche-v10_p001-724x1024.jpg\" alt=\"\" class=\"wp-image-466\" srcset=\"https:\/\/plansolaire.loos-en-gohelle.fr\/site\/wp-content\/uploads\/2019\/10\/Affiche-v10_p001-724x1024.jpg 724w, https:\/\/plansolaire.loos-en-gohelle.fr\/site\/wp-content\/uploads\/2019\/10\/Affiche-v10_p001-212x300.jpg 212w, https:\/\/plansolaire.loos-en-gohelle.fr\/site\/wp-content\/uploads\/2019\/10\/Affiche-v10_p001-768x1086.jpg 768w, https:\/\/plansolaire.loos-en-gohelle.fr\/site\/wp-content\/uploads\/2019\/10\/Affiche-v10_p001-1200x1697.jpg 1200w, https:\/\/plansolaire.loos-en-gohelle.fr\/site\/wp-content\/uploads\/2019\/10\/Affiche-v10_p001.jpg 1240w\" sizes=\"auto, (max-width: 724px) 85vw, 724px\" \/><\/figure>\n\n\n\n<div class=\"wp-block-file\"><a href=\"https:\/\/plansolaire.loos-en-gohelle.fr\/site\/wp-content\/uploads\/2019\/10\/Affiche-v10_p001.jpg\">Affiche Plan solaire<\/a><a href=\"https:\/\/plansolaire.loos-en-gohelle.fr\/site\/wp-content\/uploads\/2019\/10\/Affiche-v10_p001.jpg\" class=\"wp-block-file__button\" download>T\u00e9l\u00e9charger<\/a><\/div>\n","protected":false},"excerpt":{"rendered":"<p>Des kits d&rsquo;informations sont \u00e0 votre disposition sur simple demande en Mairie de Loos en Gohelle (Service Energie). Ils sont compos\u00e9s : d&rsquo;affiches (formats A3 et A4) de bulletins d&rsquo;intentions de souscriptions de brochures d\u00e9taill\u00e9es Des kits d&rsquo;animation peuvent \u00e9galement \u00eatre r\u00e9serv\u00e9s en Mairie. Vous y trouverez, en plus du kit d&rsquo;informations : un quizz &hellip; <a href=\"https:\/\/plansolaire.loos-en-gohelle.fr\/site\/en-communiquant\/\" class=\"more-link\">Continuer la lecture<span class=\"screen-reader-text\"> de &laquo;&nbsp;En communiquant !&nbsp;&raquo;<\/span><\/a><\/p>\n","protected":false},"author":3,"featured_media":0,"parent":0,"menu_order":0,"comment_status":"closed","ping_status":"closed","template":"","meta":{"footnotes":""},"class_list":["post-435","page","type-page","status-publish","hentry"],"_links":{"self":[{"href":"https:\/\/plansolaire.loos-en-gohelle.fr\/site\/wp-json\/wp\/v2\/pages\/435","targetHints":{"allow":["GET"]}}],"collection":[{"href":"https:\/\/plansolaire.loos-en-gohelle.fr\/site\/wp-json\/wp\/v2\/pages"}],"about":[{"href":"https:\/\/plansolaire.loos-en-gohelle.fr\/site\/wp-json\/wp\/v2\/types\/page"}],"author":[{"embeddable":true,"href":"https:\/\/plansolaire.loos-en-gohelle.fr\/site\/wp-json\/wp\/v2\/users\/3"}],"replies":[{"embeddable":true,"href":"https:\/\/plansolaire.loos-en-gohelle.fr\/site\/wp-json\/wp\/v2\/comments?post=435"}],"version-history":[{"count":4,"href":"https:\/\/plansolaire.loos-en-gohelle.fr\/site\/wp-json\/wp\/v2\/pages\/435\/revisions"}],"predecessor-version":[{"id":467,"href":"https:\/\/plansolaire.loos-en-gohelle.fr\/site\/wp-json\/wp\/v2\/pages\/435\/revisions\/467"}],"wp:attachment":[{"href":"https:\/\/plansolaire.loos-en-gohelle.fr\/site\/wp-json\/wp\/v2\/media?parent=435"}],"curies":[{"name":"wp","href":"https:\/\/api.w.org\/{rel}","templated":true}]}}