{"id":426,"date":"2019-05-03T14:34:07","date_gmt":"2019-05-03T12:34:07","guid":{"rendered":"https:\/\/plansolaire.loos-en-gohelle.fr\/site\/?page_id=426"},"modified":"2020-01-21T07:35:47","modified_gmt":"2020-01-21T06:35:47","slug":"je-souhaite-investir","status":"publish","type":"page","link":"https:\/\/plansolaire.loos-en-gohelle.fr\/site\/je-souhaite-investir\/","title":{"rendered":"En investissant !"},"content":{"rendered":"\n<figure class=\"wp-block-image\"><img loading=\"lazy\" decoding=\"async\" width=\"1024\" height=\"264\" src=\"https:\/\/plansolaire.loos-en-gohelle.fr\/site\/wp-content\/uploads\/2019\/05\/Sans-titre-1-1024x264.png\" alt=\"\" class=\"wp-image-429\" srcset=\"https:\/\/plansolaire.loos-en-gohelle.fr\/site\/wp-content\/uploads\/2019\/05\/Sans-titre-1-1024x264.png 1024w, https:\/\/plansolaire.loos-en-gohelle.fr\/site\/wp-content\/uploads\/2019\/05\/Sans-titre-1-300x77.png 300w, https:\/\/plansolaire.loos-en-gohelle.fr\/site\/wp-content\/uploads\/2019\/05\/Sans-titre-1-768x198.png 768w, https:\/\/plansolaire.loos-en-gohelle.fr\/site\/wp-content\/uploads\/2019\/05\/Sans-titre-1-1200x309.png 1200w, https:\/\/plansolaire.loos-en-gohelle.fr\/site\/wp-content\/uploads\/2019\/05\/Sans-titre-1.png 1582w\" sizes=\"auto, (max-width: 709px) 85vw, (max-width: 909px) 67vw, (max-width: 1362px) 62vw, 840px\" \/><\/figure>\n\n\n\n<p>Si une part du projet est financ\u00e9e par le Concessionnaire, en charge de l\u2019installation et de l\u2019exploitation des panneaux, la ville de Loos-en-Gohelle a souhait\u00e9 ouvrir ce projet aux habitants et aux acteurs du territoire. &nbsp;&nbsp;<\/p>\n\n\n\n<p>Vous, en tant que citoyen, et\/ou votre association, votre CIGALES, votre entreprise, vous pouvez soutenir ce projet. Gr\u00e2ce \u00e0 votre action, vous contribuerez \u00e0 la r\u00e9alisation du projet et une r\u00e9mun\u00e9ration pourra \u00eatre vers\u00e9e en cas d\u2019exc\u00e9dent. <\/p>\n\n\n\n<p style=\"text-align:center\" class=\"has-medium-font-size\"><strong>1 action = 50\u20ac<\/strong><br><\/p>\n\n\n\n<p style=\"text-align:center\"><strong>La premi\u00e8re campagne d&rsquo;intention de souscription est actuellement clotur\u00e9e.  <\/strong><\/p>\n\n\n\n<figure class=\"wp-block-image\"><img loading=\"lazy\" decoding=\"async\" width=\"1024\" height=\"683\" src=\"https:\/\/plansolaire.loos-en-gohelle.fr\/site\/wp-content\/uploads\/2019\/05\/IMG_7997-1024x683.jpg\" alt=\"\" class=\"wp-image-430\" srcset=\"https:\/\/plansolaire.loos-en-gohelle.fr\/site\/wp-content\/uploads\/2019\/05\/IMG_7997-1024x683.jpg 1024w, https:\/\/plansolaire.loos-en-gohelle.fr\/site\/wp-content\/uploads\/2019\/05\/IMG_7997-300x200.jpg 300w, https:\/\/plansolaire.loos-en-gohelle.fr\/site\/wp-content\/uploads\/2019\/05\/IMG_7997-768x512.jpg 768w, https:\/\/plansolaire.loos-en-gohelle.fr\/site\/wp-content\/uploads\/2019\/05\/IMG_7997-1200x800.jpg 1200w\" sizes=\"auto, (max-width: 709px) 85vw, (max-width: 909px) 67vw, (max-width: 1362px) 62vw, 840px\" \/><\/figure>\n","protected":false},"excerpt":{"rendered":"<p>Si une part du projet est financ\u00e9e par le Concessionnaire, en charge de l\u2019installation et de l\u2019exploitation des panneaux, la ville de Loos-en-Gohelle a souhait\u00e9 ouvrir ce projet aux habitants et aux acteurs du territoire. &nbsp;&nbsp; Vous, en tant que citoyen, et\/ou votre association, votre CIGALES, votre entreprise, vous pouvez soutenir ce projet. Gr\u00e2ce \u00e0 &hellip; <a href=\"https:\/\/plansolaire.loos-en-gohelle.fr\/site\/je-souhaite-investir\/\" class=\"more-link\">Continuer la lecture<span class=\"screen-reader-text\"> de &laquo;&nbsp;En investissant !&nbsp;&raquo;<\/span><\/a><\/p>\n","protected":false},"author":3,"featured_media":0,"parent":0,"menu_order":0,"comment_status":"closed","ping_status":"closed","template":"","meta":{"footnotes":""},"class_list":["post-426","page","type-page","status-publish","hentry"],"_links":{"self":[{"href":"https:\/\/plansolaire.loos-en-gohelle.fr\/site\/wp-json\/wp\/v2\/pages\/426","targetHints":{"allow":["GET"]}}],"collection":[{"href":"https:\/\/plansolaire.loos-en-gohelle.fr\/site\/wp-json\/wp\/v2\/pages"}],"about":[{"href":"https:\/\/plansolaire.loos-en-gohelle.fr\/site\/wp-json\/wp\/v2\/types\/page"}],"author":[{"embeddable":true,"href":"https:\/\/plansolaire.loos-en-gohelle.fr\/site\/wp-json\/wp\/v2\/users\/3"}],"replies":[{"embeddable":true,"href":"https:\/\/plansolaire.loos-en-gohelle.fr\/site\/wp-json\/wp\/v2\/comments?post=426"}],"version-history":[{"count":8,"href":"https:\/\/plansolaire.loos-en-gohelle.fr\/site\/wp-json\/wp\/v2\/pages\/426\/revisions"}],"predecessor-version":[{"id":473,"href":"https:\/\/plansolaire.loos-en-gohelle.fr\/site\/wp-json\/wp\/v2\/pages\/426\/revisions\/473"}],"wp:attachment":[{"href":"https:\/\/plansolaire.loos-en-gohelle.fr\/site\/wp-json\/wp\/v2\/media?parent=426"}],"curies":[{"name":"wp","href":"https:\/\/api.w.org\/{rel}","templated":true}]}}