{"id":413,"date":"2019-04-24T17:33:00","date_gmt":"2019-04-24T15:33:00","guid":{"rendered":"https:\/\/plansolaire.loos-en-gohelle.fr\/site\/?page_id=413"},"modified":"2019-05-03T14:49:24","modified_gmt":"2019-05-03T12:49:24","slug":"je-participe-2","status":"publish","type":"page","link":"https:\/\/plansolaire.loos-en-gohelle.fr\/site\/je-participe-2\/","title":{"rendered":"Je participe !"},"content":{"rendered":"\n<figure class=\"wp-block-image\"><img loading=\"lazy\" decoding=\"async\" width=\"1024\" height=\"264\" src=\"https:\/\/plansolaire.loos-en-gohelle.fr\/site\/wp-content\/uploads\/2019\/05\/Sans-titre-1-1024x264.png\" alt=\"\" class=\"wp-image-429\" srcset=\"https:\/\/plansolaire.loos-en-gohelle.fr\/site\/wp-content\/uploads\/2019\/05\/Sans-titre-1-1024x264.png 1024w, https:\/\/plansolaire.loos-en-gohelle.fr\/site\/wp-content\/uploads\/2019\/05\/Sans-titre-1-300x77.png 300w, https:\/\/plansolaire.loos-en-gohelle.fr\/site\/wp-content\/uploads\/2019\/05\/Sans-titre-1-768x198.png 768w, https:\/\/plansolaire.loos-en-gohelle.fr\/site\/wp-content\/uploads\/2019\/05\/Sans-titre-1-1200x309.png 1200w, https:\/\/plansolaire.loos-en-gohelle.fr\/site\/wp-content\/uploads\/2019\/05\/Sans-titre-1.png 1582w\" sizes=\"auto, (max-width: 709px) 85vw, (max-width: 909px) 67vw, (max-width: 1362px) 62vw, 840px\" \/><\/figure>\n\n\n\n<p>Si vous lisez ces quelques lignes, c&rsquo;est que votre curiosit\u00e9 vous a men\u00e9 jusqu&rsquo;ici, et nous en sommes ravis \ud83d\ude42<\/p>\n\n\n\n<p>Pour participer au Plan solaire, rien de plus simple :<\/p>\n\n\n\n<ul class=\"wp-block-list\"><li>Pour obtenir des informations et des pr\u00e9cisions sur le projet, vous pouvez contacter le Service Energie (Lucas NYSZAK) de la Mairie de Loos en Gohelle, au 03 21 69 88 77.<\/li><li>Pour devenir un ambassadeur du Plan solaire et communiquer \u00e0 nos c\u00f4t\u00e9s, toutes les informations <a href=\"https:\/\/plansolaire.loos-en-gohelle.fr\/site\/en-communiquant\/\">ici<\/a>.<\/li><li>Pour devenir actionnaire du Plan solaire et investir dans la soci\u00e9t\u00e9, rendez-vous <a href=\"https:\/\/plansolaire.loos-en-gohelle.fr\/site\/je-souhaite-investir\/\">ici <\/a>pour toutes les modalit\u00e9s.<\/li><\/ul>\n\n\n\n<p><\/p>\n","protected":false},"excerpt":{"rendered":"<p>Si vous lisez ces quelques lignes, c&rsquo;est que votre curiosit\u00e9 vous a men\u00e9 jusqu&rsquo;ici, et nous en sommes ravis \ud83d\ude42 Pour participer au Plan solaire, rien de plus simple : Pour obtenir des informations et des pr\u00e9cisions sur le projet, vous pouvez contacter le Service Energie (Lucas NYSZAK) de la Mairie de Loos en Gohelle, &hellip; <a href=\"https:\/\/plansolaire.loos-en-gohelle.fr\/site\/je-participe-2\/\" class=\"more-link\">Continuer la lecture<span class=\"screen-reader-text\"> de &laquo;&nbsp;Je participe !&nbsp;&raquo;<\/span><\/a><\/p>\n","protected":false},"author":3,"featured_media":0,"parent":0,"menu_order":0,"comment_status":"closed","ping_status":"closed","template":"","meta":{"footnotes":""},"class_list":["post-413","page","type-page","status-publish","hentry"],"_links":{"self":[{"href":"https:\/\/plansolaire.loos-en-gohelle.fr\/site\/wp-json\/wp\/v2\/pages\/413","targetHints":{"allow":["GET"]}}],"collection":[{"href":"https:\/\/plansolaire.loos-en-gohelle.fr\/site\/wp-json\/wp\/v2\/pages"}],"about":[{"href":"https:\/\/plansolaire.loos-en-gohelle.fr\/site\/wp-json\/wp\/v2\/types\/page"}],"author":[{"embeddable":true,"href":"https:\/\/plansolaire.loos-en-gohelle.fr\/site\/wp-json\/wp\/v2\/users\/3"}],"replies":[{"embeddable":true,"href":"https:\/\/plansolaire.loos-en-gohelle.fr\/site\/wp-json\/wp\/v2\/comments?post=413"}],"version-history":[{"count":2,"href":"https:\/\/plansolaire.loos-en-gohelle.fr\/site\/wp-json\/wp\/v2\/pages\/413\/revisions"}],"predecessor-version":[{"id":440,"href":"https:\/\/plansolaire.loos-en-gohelle.fr\/site\/wp-json\/wp\/v2\/pages\/413\/revisions\/440"}],"wp:attachment":[{"href":"https:\/\/plansolaire.loos-en-gohelle.fr\/site\/wp-json\/wp\/v2\/media?parent=413"}],"curies":[{"name":"wp","href":"https:\/\/api.w.org\/{rel}","templated":true}]}}